{"id":1374,"date":"2025-09-05T07:44:41","date_gmt":"2025-09-05T07:44:41","guid":{"rendered":"https:\/\/flamencotelecom.com\/?page_id=1374"},"modified":"2025-10-17T05:59:40","modified_gmt":"2025-10-17T05:59:40","slug":"satelite","status":"publish","type":"page","link":"https:\/\/flamencotelecom.com\/en\/satelite\/","title":{"rendered":"satellite"},"content":{"rendered":"<div data-elementor-type=\"wp-page\" data-elementor-id=\"1374\" class=\"elementor elementor-1374\">\n\t\t\t\t<div class=\"elementor-element elementor-element-ac661f1 e-con-full e-flex wpr-particle-no wpr-jarallax-no wpr-parallax-no wpr-sticky-section-no e-con e-parent\" data-id=\"ac661f1\" data-element_type=\"container\" data-settings=\"{&quot;background_background&quot;:&quot;classic&quot;}\">\n\t\t\t\t<div class=\"elementor-element elementor-element-e794574 elementor-widget elementor-widget-heading\" data-id=\"e794574\" data-element_type=\"widget\" data-widget_type=\"heading.default\">\n\t\t\t\t\t<h2 class=\"elementor-heading-title elementor-size-default\">Satellite<\/h2>\t\t\t\t<\/div>\n\t\t\t\t<\/div>\n\t\t<div class=\"elementor-element elementor-element-ff1877c e-con-full e-flex wpr-particle-no wpr-jarallax-no wpr-parallax-no wpr-sticky-section-no e-con e-parent\" data-id=\"ff1877c\" data-element_type=\"container\" data-settings=\"{&quot;background_background&quot;:&quot;classic&quot;}\">\n\t\t<div class=\"elementor-element elementor-element-5b5d789 e-con-full e-flex wpr-particle-no wpr-jarallax-no wpr-parallax-no wpr-sticky-section-no e-con e-child\" data-id=\"5b5d789\" data-element_type=\"container\" data-settings=\"{&quot;background_background&quot;:&quot;classic&quot;}\">\n\t\t\t\t<div class=\"elementor-element elementor-element-c475cce elementor-widget elementor-widget-text-editor\" data-id=\"c475cce\" data-element_type=\"widget\" data-widget_type=\"text-editor.default\">\n\t\t\t\t\t\t\t\t\t<p style=\"text-align: center;\">\u00a0<\/p><p style=\"text-align: center;\"><span style=\"font-size: 24px;\">Common benefits<\/span><\/p><ul><li style=\"text-align: left;\">Wireless connection, direct to the satellite<\/li><li style=\"text-align: left;\">Ideal for areas without fiber or ADSL<\/li><li style=\"text-align: left;\">Quick and easy installation<\/li><li style=\"text-align: left;\">Service supported by Flamenco Telecom<\/li><li style=\"text-align: left;\">Close technical support in Spanish<\/li><\/ul>\t\t\t\t\t\t\t\t<\/div>\n\t\t\t\t<div class=\"elementor-element elementor-element-da17508 elementor-widget elementor-widget-shortcode\" data-id=\"da17508\" data-element_type=\"widget\" data-widget_type=\"shortcode.default\">\n\t\t\t\t\t\t\t<div class=\"elementor-shortcode\"><div class=\"popover\">\n                <div class=\"simplemodal-close\">X<\/div>\n                    <div class=\"popover_titulo\"><\/div>\n                        <div class=\"popover_contenido\"><\/div>\n                    <\/div>\n                <div class=\"CuerpoTarifas\" style=\"max-width: 1350px; margin: 0 auto;\">\n                    <div class=\"container_wrap container_wrap_first main_color\">\n                        <div class=\"ppcontainer\"><div class=\"flex_contenedor\"><!--render_MaquetacionTarifa_10-->\n        <div class=\"contenedorTarifa58\">\n        <div class=\"nombreTarifa58 morado\">flamenco sat<\/div>\n\n        <div class=\"bloquePrecio\">\n            <div class=\"precioTarifa58\">79<\/div>\n            <div class=\"simboloEuro\">\u20ac <div class=\"monedaTarifa58\">PER MONTH<\/div><\/div>\n        <\/div>\n\n        <div class=\"descripcionGb morado\">\n            <div class=\"info_descripcionGb tipo58\"><strong>satellite<\/strong><br \/><strong>50 Gb<\/strong><br \/><em>Total rural coverage<\/em><br \/><em>Antenna included<\/em><br \/><em>220 mbps<\/em><\/div>            \n            <div class=\"icon-bubble morado\"><\/div>\n        <\/div>\n        \n        <div class=\"contratarTarifa58 morado\">\n    <a href=\"https:\/\/api.whatsapp.com\/send?phone=34678723000&text=%C2%A1Hola%20necesito%20mas%20informaci%C3%B3n!%20sobre%20las%20tarifas%20flamenco%20sat\u00e9lite\" >\n        HIRE\n    <\/a>\n<\/div>\n\n    <\/div><\/div><\/div><\/div><\/div><\/div>\n\t\t\t\t\t\t<\/div>\n\t\t\t\t<\/div>\n\t\t\t\t<\/div>\n\t\t\t\t<\/div>","protected":false},"excerpt":{"rendered":"<p>Satellite Common benefits Wireless connection, direct to the satellite Ideal for areas without fiber or ADSL Quick and easy installation Service backed by Flamenco Telecom Close technical support in Spanish<\/p>","protected":false},"author":1,"featured_media":0,"parent":0,"menu_order":0,"comment_status":"closed","ping_status":"closed","template":"","meta":{"footnotes":""},"class_list":["post-1374","page","type-page","status-publish","hentry"],"yoast_head":"<!-- This site is optimized with the Yoast SEO Premium plugin v26.5 (Yoast SEO v26.6) - https:\/\/yoast.com\/wordpress\/plugins\/seo\/ -->\n<title>satelite - Flamenco Telecom<\/title>\n<meta name=\"robots\" content=\"index, follow, max-snippet:-1, max-image-preview:large, max-video-preview:-1\" \/>\n<link rel=\"canonical\" href=\"https:\/\/flamencotelecom.com\/en\/satelite\/\" \/>\n<meta property=\"og:locale\" content=\"en_US\" \/>\n<meta property=\"og:type\" content=\"article\" \/>\n<meta property=\"og:title\" content=\"satelite\" \/>\n<meta property=\"og:description\" content=\"Sat\u00e9lite \u00a0 Beneficios comunes Conexi\u00f3n sin cables, directa al sat\u00e9lite Ideal para zonas sin fibra ni ADSL Instalaci\u00f3n r\u00e1pida y sencilla Servicio respaldado por Flamenco Telecom Soporte t\u00e9cnico cercano y en espa\u00f1ol\" \/>\n<meta property=\"og:url\" content=\"https:\/\/flamencotelecom.com\/en\/satelite\/\" \/>\n<meta property=\"og:site_name\" content=\"Flamenco Telecom\" \/>\n<meta property=\"article:modified_time\" content=\"2025-10-17T05:59:40+00:00\" \/>\n<meta name=\"twitter:card\" content=\"summary_large_image\" \/>\n<meta name=\"twitter:label1\" content=\"Est. reading time\" \/>\n\t<meta name=\"twitter:data1\" content=\"1 minute\" \/>\n<script type=\"application\/ld+json\" class=\"yoast-schema-graph\">{\"@context\":\"https:\/\/schema.org\",\"@graph\":[{\"@type\":\"WebPage\",\"@id\":\"https:\/\/flamencotelecom.com\/satelite\/\",\"url\":\"https:\/\/flamencotelecom.com\/satelite\/\",\"name\":\"satelite - Flamenco Telecom\",\"isPartOf\":{\"@id\":\"https:\/\/flamencotelecom.com\/#website\"},\"datePublished\":\"2025-09-05T07:44:41+00:00\",\"dateModified\":\"2025-10-17T05:59:40+00:00\",\"breadcrumb\":{\"@id\":\"https:\/\/flamencotelecom.com\/satelite\/#breadcrumb\"},\"inLanguage\":\"en-US\",\"potentialAction\":[{\"@type\":\"ReadAction\",\"target\":[\"https:\/\/flamencotelecom.com\/satelite\/\"]}]},{\"@type\":\"BreadcrumbList\",\"@id\":\"https:\/\/flamencotelecom.com\/satelite\/#breadcrumb\",\"itemListElement\":[{\"@type\":\"ListItem\",\"position\":1,\"name\":\"Portada\",\"item\":\"https:\/\/flamencotelecom.com\/\"},{\"@type\":\"ListItem\",\"position\":2,\"name\":\"satelite\"}]},{\"@type\":\"WebSite\",\"@id\":\"https:\/\/flamencotelecom.com\/#website\",\"url\":\"https:\/\/flamencotelecom.com\/\",\"name\":\"Flamenco Telecom\",\"description\":\"M\u00e1s que conexi\u00f3n, es arte y verdad.\",\"publisher\":{\"@id\":\"https:\/\/flamencotelecom.com\/#organization\"},\"potentialAction\":[{\"@type\":\"SearchAction\",\"target\":{\"@type\":\"EntryPoint\",\"urlTemplate\":\"https:\/\/flamencotelecom.com\/?s={search_term_string}\"},\"query-input\":{\"@type\":\"PropertyValueSpecification\",\"valueRequired\":true,\"valueName\":\"search_term_string\"}}],\"inLanguage\":\"en-US\"},{\"@type\":\"Organization\",\"@id\":\"https:\/\/flamencotelecom.com\/#organization\",\"name\":\"Flamenco Telecom\",\"url\":\"https:\/\/flamencotelecom.com\/\",\"logo\":{\"@type\":\"ImageObject\",\"inLanguage\":\"en-US\",\"@id\":\"https:\/\/flamencotelecom.com\/#\/schema\/logo\/image\/\",\"url\":\"https:\/\/flamencotelecom.com\/wp-content\/uploads\/2025\/08\/cropped-logo-1.png\",\"contentUrl\":\"https:\/\/flamencotelecom.com\/wp-content\/uploads\/2025\/08\/cropped-logo-1.png\",\"width\":2110,\"height\":2268,\"caption\":\"Flamenco Telecom\"},\"image\":{\"@id\":\"https:\/\/flamencotelecom.com\/#\/schema\/logo\/image\/\"}}]}<\/script>\n<!-- \/ Yoast SEO Premium plugin. -->","yoast_head_json":{"title":"satellite - Flamenco Telecom","robots":{"index":"index","follow":"follow","max-snippet":"max-snippet:-1","max-image-preview":"max-image-preview:large","max-video-preview":"max-video-preview:-1"},"canonical":"https:\/\/flamencotelecom.com\/en\/satelite\/","og_locale":"en_US","og_type":"article","og_title":"satelite","og_description":"Sat\u00e9lite \u00a0 Beneficios comunes Conexi\u00f3n sin cables, directa al sat\u00e9lite Ideal para zonas sin fibra ni ADSL Instalaci\u00f3n r\u00e1pida y sencilla Servicio respaldado por Flamenco Telecom Soporte t\u00e9cnico cercano y en espa\u00f1ol","og_url":"https:\/\/flamencotelecom.com\/en\/satelite\/","og_site_name":"Flamenco Telecom","article_modified_time":"2025-10-17T05:59:40+00:00","twitter_card":"summary_large_image","twitter_misc":{"Est. reading time":"1 minute"},"schema":{"@context":"https:\/\/schema.org","@graph":[{"@type":"WebPage","@id":"https:\/\/flamencotelecom.com\/satelite\/","url":"https:\/\/flamencotelecom.com\/satelite\/","name":"satellite - Flamenco Telecom","isPartOf":{"@id":"https:\/\/flamencotelecom.com\/#website"},"datePublished":"2025-09-05T07:44:41+00:00","dateModified":"2025-10-17T05:59:40+00:00","breadcrumb":{"@id":"https:\/\/flamencotelecom.com\/satelite\/#breadcrumb"},"inLanguage":"en-US","potentialAction":[{"@type":"ReadAction","target":["https:\/\/flamencotelecom.com\/satelite\/"]}]},{"@type":"BreadcrumbList","@id":"https:\/\/flamencotelecom.com\/satelite\/#breadcrumb","itemListElement":[{"@type":"ListItem","position":1,"name":"Portada","item":"https:\/\/flamencotelecom.com\/"},{"@type":"ListItem","position":2,"name":"satelite"}]},{"@type":"WebSite","@id":"https:\/\/flamencotelecom.com\/#website","url":"https:\/\/flamencotelecom.com\/","name":"Flamenco Telecom","description":"More than connection, it is art and truth.","publisher":{"@id":"https:\/\/flamencotelecom.com\/#organization"},"potentialAction":[{"@type":"SearchAction","target":{"@type":"EntryPoint","urlTemplate":"https:\/\/flamencotelecom.com\/?s={search_term_string}"},"query-input":{"@type":"PropertyValueSpecification","valueRequired":true,"valueName":"search_term_string"}}],"inLanguage":"en-US"},{"@type":"Organization","@id":"https:\/\/flamencotelecom.com\/#organization","name":"Flamenco Telecom","url":"https:\/\/flamencotelecom.com\/","logo":{"@type":"ImageObject","inLanguage":"en-US","@id":"https:\/\/flamencotelecom.com\/#\/schema\/logo\/image\/","url":"https:\/\/flamencotelecom.com\/wp-content\/uploads\/2025\/08\/cropped-logo-1.png","contentUrl":"https:\/\/flamencotelecom.com\/wp-content\/uploads\/2025\/08\/cropped-logo-1.png","width":2110,"height":2268,"caption":"Flamenco Telecom"},"image":{"@id":"https:\/\/flamencotelecom.com\/#\/schema\/logo\/image\/"}}]}},"_links":{"self":[{"href":"https:\/\/flamencotelecom.com\/en\/wp-json\/wp\/v2\/pages\/1374","targetHints":{"allow":["GET"]}}],"collection":[{"href":"https:\/\/flamencotelecom.com\/en\/wp-json\/wp\/v2\/pages"}],"about":[{"href":"https:\/\/flamencotelecom.com\/en\/wp-json\/wp\/v2\/types\/page"}],"author":[{"embeddable":true,"href":"https:\/\/flamencotelecom.com\/en\/wp-json\/wp\/v2\/users\/1"}],"replies":[{"embeddable":true,"href":"https:\/\/flamencotelecom.com\/en\/wp-json\/wp\/v2\/comments?post=1374"}],"version-history":[{"count":31,"href":"https:\/\/flamencotelecom.com\/en\/wp-json\/wp\/v2\/pages\/1374\/revisions"}],"predecessor-version":[{"id":2356,"href":"https:\/\/flamencotelecom.com\/en\/wp-json\/wp\/v2\/pages\/1374\/revisions\/2356"}],"wp:attachment":[{"href":"https:\/\/flamencotelecom.com\/en\/wp-json\/wp\/v2\/media?parent=1374"}],"curies":[{"name":"wp","href":"https:\/\/api.w.org\/{rel}","templated":true}]}}